{"id":29015,"date":"2025-01-29T11:36:14","date_gmt":"2025-01-29T10:36:14","guid":{"rendered":"https:\/\/stg.coachingindividuale.ch\/about-2\/"},"modified":"2026-04-12T12:32:23","modified_gmt":"2026-04-12T10:32:23","slug":"etwa-2","status":"publish","type":"page","link":"https:\/\/www.coachingindividuale.ch\/de","title":{"rendered":"\u00dcber mich"},"content":{"rendered":"<div data-elementor-type=\"wp-page\" data-elementor-id=\"29015\" class=\"elementor elementor-29015\" data-elementor-post-type=\"page\">\n\t\t\t\t\t\t<section class=\"elementor-section elementor-top-section elementor-element elementor-element-40177ae0 elementor-section-boxed elementor-section-height-default elementor-section-height-default\" data-id=\"40177ae0\" data-element_type=\"section\" data-e-type=\"section\">\n\t\t\t\t\t\t<div class=\"elementor-container elementor-column-gap-no\">\n\t\t\t\t\t<div class=\"elementor-column elementor-col-50 elementor-top-column elementor-element elementor-element-2828f573\" data-id=\"2828f573\" data-element_type=\"column\" data-e-type=\"column\">\n\t\t\t<div class=\"elementor-widget-wrap elementor-element-populated\">\n\t\t\t\t\t\t<div class=\"elementor-element elementor-element-68afc23b elementor-widget elementor-widget-heading\" data-id=\"68afc23b\" data-element_type=\"widget\" data-e-type=\"widget\" data-widget_type=\"heading.default\">\n\t\t\t\t<div class=\"elementor-widget-container\">\n\t\t\t\t\t<h3 class=\"elementor-heading-title elementor-size-default\">Der Mensch steht im Mittelpunkt meiner Beratung<\/h3>\t\t\t\t<\/div>\n\t\t\t\t<\/div>\n\t\t\t\t<div class=\"elementor-element elementor-element-1348573 elementor-widget elementor-widget-text-editor\" data-id=\"1348573\" data-element_type=\"widget\" data-e-type=\"widget\" data-widget_type=\"text-editor.default\">\n\t\t\t\t<div class=\"elementor-widget-container\">\n\t\t\t\t\t\t\t\t\t<p><span style=\"font-style: inherit; font-weight: inherit;\">Ich begleite Menschen bei Ver\u00e4nderungs- und Entwicklungsprozessen im Arbeitskontext und f\u00f6rdere dabei Managementf\u00e4higkeiten und -kompetenzen sowie die Selbstreflexion. Es ist mir wichtig, Menschen zu ermutigen, ihre St\u00e4rken und Kompetenzen zu erkennen, wertzusch\u00e4tzen und freizusetzen, die f\u00fcr jegliches Wachstum und Ver\u00e4nderung wesentlich sind.\u00a0<\/span><\/p><p><span style=\"font-style: inherit; font-weight: inherit;\"><strong><em>Ich bin davon \u00fcberzeugt, dass jeder Mensch die richtigen Entscheidungen und L\u00f6sungen bereits in sich tr\u00e4gt,\u00a0<\/em><\/strong><strong><em>sie m\u00fcssen nur ans Licht gebracht werden.<\/em><\/strong>.<\/span><\/p><p><strong>Ausbildung<\/strong><\/p><p>- Betriebliche Mentorin mit eidg. Fachausweis<\/p><p>- Dipl. Coach SCA<\/p><p>- Zertifizierte Beraterin f\u00fcr den Pers\u00f6nlichkeitstest <a href=\"https:\/\/gpi-coach.ch\/\">GPI \u00ae<\/a><\/p><p>- Laufende Fortbildung in den Bereichen Coaching und Pers\u00f6nlichkeitsentwicklung<\/p><p>- Marketing Spezialist mit eidg. Fachausweis<\/p><p><strong>Derzeitige T\u00e4tigkeit<\/strong><\/p><p>- Selbst\u00e4ndig als Coach seit 2021<\/p><p>- Pr\u00fcfungsexperte bei Swissleaders f\u00fcr das Diplom \u201cUnternehmensmentor\/in mit eidgen\u00f6ssischem Fachausweis APF\u201d (deutsche und italienische Sprache)<\/p><p>- Aktives Mitglied bei<strong><a href=\"https:\/\/s-c-a.ch\/it\/\">: Swiss Coaching Association<\/a><\/strong>\u201d<\/p><p>Geboren und aufgewachsen in Z\u00fcrich, habe ich nach einer kaufm\u00e4nnischen Ausbildung<span style=\"font-size: 13.3333px;\">\u00a0<\/span><span style=\"font-style: inherit; font-weight: inherit;\">und mehrj\u00e4hriger Erfahrung in Marketing spezialisiert. <strong>Dank meiner grossen Berufserfahrung, vor allem im Bankenbereich, konnte ich starke Sozial- und F\u00fchrungskompetenzen entwickeln und gezielt einsetzen.<\/strong> Meine Essenz habe ich jedoch in der Beratung und im Coaching gefunden, gefestigt durch den Abschluss des eidgen\u00f6sischen Fachausweis als Betriebliche Mentorin.<br \/>Zudem bin ich akkreditierter Pr\u00fcfungsexpertin f\u00fcr die Pr\u00fcfungsabnahme zum eidg. betrieblichen Mentor. Als aktives Mitglied der Swiss Coaching Association bin ich in der ganzen Schweiz vernetzt.<\/span><\/p><p style=\"margin-bottom: 0cm; text-align: justify; line-height: 115%; tab-stops: 5.0cm;\"><span style=\"font-style: inherit; font-weight: inherit;\">\u00a0<\/span><\/p><p><strong>Meine Werte<\/strong> sind f\u00fcr mich von gro\u00dfer Bedeutung; ich lebe mein Leben, indem ich sie respektiere, mir selbst und meinen Prinzipien treu bleibe. Folglich respektiere und beurteile ich andere nicht, egal ob es sich um einen Kollegen, einen Freund oder einen Menschen handelt, den ich beruflich begleite.<\/p>\t\t\t\t\t\t\t\t<\/div>\n\t\t\t\t<\/div>\n\t\t\t\t\t<\/div>\n\t\t<\/div>\n\t\t\t\t<section class=\"elementor-column elementor-col-50 elementor-top-column elementor-element elementor-element-48096891\" data-id=\"48096891\" data-element_type=\"column\" data-e-type=\"column\">\n\t\t\t<div class=\"elementor-widget-wrap elementor-element-populated\">\n\t\t\t\t\t\t<div class=\"elementor-element elementor-element-fb96635 elementor-widget elementor-widget-image\" data-id=\"fb96635\" data-element_type=\"widget\" data-e-type=\"widget\" data-widget_type=\"image.default\">\n\t\t\t\t<div class=\"elementor-widget-container\">\n\t\t\t\t\t\t\t\t\t\t\t\t\t\t\t<img decoding=\"async\" src=\"https:\/\/www.coachingindividuale.ch\/wp-content\/uploads\/elementor\/thumbs\/ARI_6455-scaled-rlzvhwvgqqnfayx9g1dfrb0jq63fyf7kostddo97vs.jpg\" title=\"ARI_6455\" alt=\"ARI_6455\" loading=\"lazy\" \/>\t\t\t\t\t\t\t\t\t\t\t\t\t\t\t<\/div>\n\t\t\t\t<\/div>\n\t\t\t\t\t<\/div>\n\t\t<\/section>\n\t\t\t\t\t<\/div>\n\t\t<\/section>\n\t\t\t\t<\/div>","protected":false},"excerpt":{"rendered":"<p>L&#8217;essere umano \u00e8 al centro della mia consulenza Accompagno le singole persone durante i processi di cambiamento e di sviluppo nel contesto lavorativo,\u00a0incentivando le capacit\u00e0 e le competenze di gestione nonch\u00e9 l\u2019autoriflessione. Per me \u00e8 importante incoraggiare la persona a riconoscere, valorizzare e liberare i propri punti di forza e competenze, essenziali per qualsiasi crescita [&hellip;]<\/p>\n","protected":false},"author":6,"featured_media":0,"parent":29014,"menu_order":0,"comment_status":"closed","ping_status":"closed","template":"","meta":{"site-sidebar-layout":"no-sidebar","site-content-layout":"page-builder","ast-site-content-layout":"default","site-content-style":"default","site-sidebar-style":"default","ast-global-header-display":"","ast-banner-title-visibility":"","ast-main-header-display":"","ast-hfb-above-header-display":"","ast-hfb-below-header-display":"","ast-hfb-mobile-header-display":"","site-post-title":"disabled","ast-breadcrumbs-content":"","ast-featured-img":"","footer-sml-layout":"","ast-disable-related-posts":"","theme-transparent-header-meta":"enabled","adv-header-id-meta":"","stick-header-meta":"default","header-above-stick-meta":"","header-main-stick-meta":"","header-below-stick-meta":"","astra-migrate-meta-layouts":"default","ast-page-background-enabled":"default","ast-page-background-meta":{"desktop":{"background-color":"","background-image":"","background-repeat":"repeat","background-position":"center center","background-size":"auto","background-attachment":"scroll","background-type":"","background-media":"","overlay-type":"","overlay-color":"","overlay-opacity":"","overlay-gradient":""},"tablet":{"background-color":"","background-image":"","background-repeat":"repeat","background-position":"center center","background-size":"auto","background-attachment":"scroll","background-type":"","background-media":"","overlay-type":"","overlay-color":"","overlay-opacity":"","overlay-gradient":""},"mobile":{"background-color":"","background-image":"","background-repeat":"repeat","background-position":"center center","background-size":"auto","background-attachment":"scroll","background-type":"","background-media":"","overlay-type":"","overlay-color":"","overlay-opacity":"","overlay-gradient":""}},"ast-content-background-meta":{"desktop":{"background-color":"var(--ast-global-color-5)","background-image":"","background-repeat":"repeat","background-position":"center center","background-size":"auto","background-attachment":"scroll","background-type":"","background-media":"","overlay-type":"","overlay-color":"","overlay-opacity":"","overlay-gradient":""},"tablet":{"background-color":"var(--ast-global-color-5)","background-image":"","background-repeat":"repeat","background-position":"center center","background-size":"auto","background-attachment":"scroll","background-type":"","background-media":"","overlay-type":"","overlay-color":"","overlay-opacity":"","overlay-gradient":""},"mobile":{"background-color":"var(--ast-global-color-5)","background-image":"","background-repeat":"repeat","background-position":"center center","background-size":"auto","background-attachment":"scroll","background-type":"","background-media":"","overlay-type":"","overlay-color":"","overlay-opacity":"","overlay-gradient":""}},"footnotes":""},"class_list":["post-29015","page","type-page","status-publish","hentry"],"_links":{"self":[{"href":"https:\/\/www.coachingindividuale.ch\/de\/wp-json\/wp\/v2\/pages\/29015","targetHints":{"allow":["GET"]}}],"collection":[{"href":"https:\/\/www.coachingindividuale.ch\/de\/wp-json\/wp\/v2\/pages"}],"about":[{"href":"https:\/\/www.coachingindividuale.ch\/de\/wp-json\/wp\/v2\/types\/page"}],"author":[{"embeddable":true,"href":"https:\/\/www.coachingindividuale.ch\/de\/wp-json\/wp\/v2\/users\/6"}],"replies":[{"embeddable":true,"href":"https:\/\/www.coachingindividuale.ch\/de\/wp-json\/wp\/v2\/comments?post=29015"}],"version-history":[{"count":158,"href":"https:\/\/www.coachingindividuale.ch\/de\/wp-json\/wp\/v2\/pages\/29015\/revisions"}],"predecessor-version":[{"id":30273,"href":"https:\/\/www.coachingindividuale.ch\/de\/wp-json\/wp\/v2\/pages\/29015\/revisions\/30273"}],"up":[{"embeddable":true,"href":"https:\/\/www.coachingindividuale.ch\/de\/wp-json\/wp\/v2\/pages\/29014"}],"wp:attachment":[{"href":"https:\/\/www.coachingindividuale.ch\/de\/wp-json\/wp\/v2\/media?parent=29015"}],"curies":[{"name":"wp","href":"https:\/\/api.w.org\/{rel}","templated":true}]}}