{"id":29826,"date":"2025-08-27T18:42:29","date_gmt":"2025-08-27T16:42:29","guid":{"rendered":"https:\/\/www.coachingindividuale.ch\/?page_id=29826"},"modified":"2026-01-25T20:13:21","modified_gmt":"2026-01-25T19:13:21","slug":"angebot-fur-unternehmen","status":"publish","type":"page","link":"https:\/\/www.coachingindividuale.ch\/de\/angebot-fur-unternehmen\/","title":{"rendered":"Angebot f\u00fcr Unternehmen"},"content":{"rendered":"<div data-elementor-type=\"wp-page\" data-elementor-id=\"29826\" class=\"elementor elementor-29826\" data-elementor-post-type=\"page\">\n\t\t\t\t\t\t<section class=\"elementor-section elementor-top-section elementor-element elementor-element-8019da9 elementor-section-boxed elementor-section-height-default elementor-section-height-default\" data-id=\"8019da9\" data-element_type=\"section\" data-e-type=\"section\">\n\t\t\t\t\t\t<div class=\"elementor-container elementor-column-gap-default\">\n\t\t\t\t\t<div class=\"elementor-column elementor-col-100 elementor-top-column elementor-element elementor-element-53c153d6\" data-id=\"53c153d6\" data-element_type=\"column\" data-e-type=\"column\">\n\t\t\t<div class=\"elementor-widget-wrap elementor-element-populated\">\n\t\t\t\t\t\t<div class=\"elementor-element elementor-element-34974a4a elementor-widget elementor-widget-text-editor\" data-id=\"34974a4a\" data-element_type=\"widget\" data-e-type=\"widget\" data-widget_type=\"text-editor.default\">\n\t\t\t\t<div class=\"elementor-widget-container\">\n\t\t\t\t\t\t\t\t\t<p style=\"text-align: center;\"><span style=\"color: #000000;\"><strong>Coaching-Paket f\u00fcr Unternehmen<\/strong><\/span><\/p>\n<p><span style=\"color: #000000;\">Immer mehr Unternehmen erkennen, wie wichtig es ist, sich um <strong>das Wohlergehen seiner Mitarbeitenden zu k\u00fcmmern<\/strong>. Ein Coaching-Prozess mit einem\/einer Betrieblichen Mentor\/Mentorin ist nicht nur ein Zeichen des konkreten Interesse an die Mitarbeitenden, sondern auch ein <strong>echter Vertrauensbeweis<\/strong>. Coaching ist eine transformative Erfahrung, die den Menschen unterst\u00fctzt, sich <strong>weiter zu entwickeln.<\/strong> Der Prozess hilft die eigene Werte wieder zu entdecken und gibt das <strong>Gef\u00fchl<\/strong>, nicht bewertet zu werden sondern sogar sehr gesch\u00e4tzt zu sein <strong>.<\/strong> Dies ist sehr wichtig, um eine Balance zwischen der pers\u00f6nlicher Entwicklung und dem beruflichen Erfolg zu erzielen.<\/span><\/p>\n<p><span style=\"color: #000000;\"><!-- \/wp:post-content --><!-- wp:paragraph --><\/span><\/p>\n<ul>\n<li style=\"list-style-type: none;\">\n<ul>\n<li>\n<p><span style=\"color: #000000;\">Coaching Individuale bietet<strong> Pakete mit 10 Coaching-Sessions<\/strong> an, speziell gedacht f\u00fcr ihre Mitarbeitende und Leaders.<\/span><\/p>\n<p><span style=\"color: #000000;\">Im Einzelcoaching begleitet Patrizia Vetrella Maccagnan Ihre Mitarbeitende und Leaders in Ver\u00e4nderungs-, Entwicklungs- und beruflichen Wachstumsprozessen. \nDie zentralen Punkte sind:<\/span><\/p>\n<ul>\n<li><span style=\"color: #000000;\"><strong>Die Person zu ermutigen, ihre St\u00e4rken und F\u00e4higkeiten zu erkennen, zu optimieren und einzusetzen<\/strong>; damit diese im Tagesgesch\u00e4ft bewusst und konsequent angewendet werden.<\/span><\/li>\n<li><span style=\"color: #000000;\"><strong>Die Selbstreflexion zu f\u00f6rdern und die Bereitschaft, sich selbst zu hinterfragen<\/strong>. Dadurch wird ein Weg des kontinuierlichen Wachstums und der Bewusstwerdung erm\u00f6glicht.<\/span><\/li>\n<\/ul>\n<\/li>\n<\/ul>\n<\/li>\n<\/ul>\n<p><span style=\"color: #000000;\"><!-- \/wp:paragraph --><\/span><\/p>\n<p><span style=\"color: #000000;\"><!-- \/wp:list --><!-- wp:paragraph --><\/span><\/p>\n<p><span style=\"color: #000000;\">Die Begleitung bringt greifbare Vorteile mit sich, die \u00fcber die pers\u00f6nliche Entwicklung hinausgehen und sich positiv auf das gesamte Arbeitsumfeld auswirken kann. Ein Klima des Vertrauens, des Respekts und der Zusammenarbeit zu schaffen, bedeutet, das Unternehmensumfeld in einen anregenden, ruhigen und produktiven Ort zu verwandeln, an dem die Menschen wirklich <strong>das Beste aus sich herausholen<\/strong>. Letztendlich f\u00fchrt dies zu konkreten und dauerhaften Ergebnissen f\u00fcr das gesamte Team und das Unternehmen.<\/span><\/p>\n<p><span style=\"color: #000000;\"><!-- \/wp:paragraph --><!-- wp:paragraph --><\/span><\/p>\n<p><span style=\"color: #000000;\">Der Arbeitgeber kann seinen Mitarbeitenden den Coaching-Prozess mit der Betrieblichen Mentorin vorschlagen, um deren\u00a0<strong>Entwicklungspotenzial<\/strong>auszusch\u00f6pfen. Den Schritt sich jedoch durch einen Coaching-Prozess beruflich zu ver\u00e4ndern, sein Potenzial zu erkennen und sich selbst zu reflektieren, muss der Mitarbeitende selbst t\u00e4tigen. Diese Entscheidung und kann nicht erzwungen werden.<\/span><\/p>\n<p><span style=\"color: #000000;\"><!-- \/wp:paragraph --><!-- wp:paragraph --><\/span><\/p>\n<p><span style=\"color: #000000;\">Die Sitzungen sind individuell und dauern etwa 60\/65 Minuten.\u00a0<strong>Die absolute Vertraulichkeit<\/strong>\u00a0zwischen der Betrieblichen Mentorin und der\/die Mitarbeitende ist gew\u00e4hrleistet. Die Coachingsessions k\u00f6nnen direkt im Unternehmen w\u00e4hrend der Arbeitszeit stattfinden.<\/span><\/p>\n<p><span style=\"color: #000000;\"><img fetchpriority=\"high\" decoding=\"async\" class=\"aligncenter\" src=\"https:\/\/www.coachingindividuale.ch\/wp-content\/uploads\/2025\/08\/fiore-e-ape-226x300.jpg\" alt=\"\" width=\"226\" height=\"300\" \/><\/span><\/p>\n<p style=\"text-align: center;\"><span style=\"color: #000000;\"><b>F\u00f6rdern Sie Ihre Mitarbeitenden, indem Sie ihnen einen Coaching-Prozess anbieten!\nKontaktieren Sie mich f\u00fcr weitere Informationen.<\/b><\/span><\/p>\n<p><!-- \/wp:paragraph --><\/p>\n<p><!-- wp:paragraph --><\/p>\n<p><!-- \/wp:paragraph --><\/p>\t\t\t\t\t\t\t\t<\/div>\n\t\t\t\t<\/div>\n\t\t\t\t\t<\/div>\n\t\t<\/div>\n\t\t\t\t\t<\/div>\n\t\t<\/section>\n\t\t\t\t<\/div>","protected":false},"excerpt":{"rendered":"<p>Pacchetto di Coaching specifico per aziende Sempre pi\u00f9 aziende riconoscono l\u2019importanza di prendersi cura del benessere dei propri dipendenti. Offrire un percorso di coaching con un Mentore Aziendale rappresenta non solo un gesto concreto di attenzione, ma un segnale autentico di fiducia, diventando per l\u2019azienda un investimento prezioso a lungo termine. \u00a0Il coaching \u00e8 un\u2019esperienza [&hellip;]<\/p>\n","protected":false},"author":7,"featured_media":0,"parent":0,"menu_order":0,"comment_status":"closed","ping_status":"closed","template":"","meta":{"site-sidebar-layout":"default","site-content-layout":"","ast-site-content-layout":"default","site-content-style":"default","site-sidebar-style":"default","ast-global-header-display":"disabled","ast-banner-title-visibility":"","ast-main-header-display":"","ast-hfb-above-header-display":"","ast-hfb-below-header-display":"","ast-hfb-mobile-header-display":"","site-post-title":"disabled","ast-breadcrumbs-content":"","ast-featured-img":"","footer-sml-layout":"","ast-disable-related-posts":"","theme-transparent-header-meta":"default","adv-header-id-meta":"","stick-header-meta":"","header-above-stick-meta":"","header-main-stick-meta":"","header-below-stick-meta":"","astra-migrate-meta-layouts":"set","ast-page-background-enabled":"default","ast-page-background-meta":{"desktop":{"background-color":"","background-image":"","background-repeat":"repeat","background-position":"center center","background-size":"auto","background-attachment":"scroll","background-type":"","background-media":"","overlay-type":"","overlay-color":"","overlay-opacity":"","overlay-gradient":""},"tablet":{"background-color":"","background-image":"","background-repeat":"repeat","background-position":"center center","background-size":"auto","background-attachment":"scroll","background-type":"","background-media":"","overlay-type":"","overlay-color":"","overlay-opacity":"","overlay-gradient":""},"mobile":{"background-color":"","background-image":"","background-repeat":"repeat","background-position":"center center","background-size":"auto","background-attachment":"scroll","background-type":"","background-media":"","overlay-type":"","overlay-color":"","overlay-opacity":"","overlay-gradient":""}},"ast-content-background-meta":{"desktop":{"background-color":"var(--ast-global-color-5)","background-image":"","background-repeat":"repeat","background-position":"center center","background-size":"auto","background-attachment":"scroll","background-type":"","background-media":"","overlay-type":"","overlay-color":"","overlay-opacity":"","overlay-gradient":""},"tablet":{"background-color":"var(--ast-global-color-5)","background-image":"","background-repeat":"repeat","background-position":"center center","background-size":"auto","background-attachment":"scroll","background-type":"","background-media":"","overlay-type":"","overlay-color":"","overlay-opacity":"","overlay-gradient":""},"mobile":{"background-color":"var(--ast-global-color-5)","background-image":"","background-repeat":"repeat","background-position":"center center","background-size":"auto","background-attachment":"scroll","background-type":"","background-media":"","overlay-type":"","overlay-color":"","overlay-opacity":"","overlay-gradient":""}},"footnotes":""},"class_list":["post-29826","page","type-page","status-publish","hentry"],"_links":{"self":[{"href":"https:\/\/www.coachingindividuale.ch\/de\/wp-json\/wp\/v2\/pages\/29826","targetHints":{"allow":["GET"]}}],"collection":[{"href":"https:\/\/www.coachingindividuale.ch\/de\/wp-json\/wp\/v2\/pages"}],"about":[{"href":"https:\/\/www.coachingindividuale.ch\/de\/wp-json\/wp\/v2\/types\/page"}],"author":[{"embeddable":true,"href":"https:\/\/www.coachingindividuale.ch\/de\/wp-json\/wp\/v2\/users\/7"}],"replies":[{"embeddable":true,"href":"https:\/\/www.coachingindividuale.ch\/de\/wp-json\/wp\/v2\/comments?post=29826"}],"version-history":[{"count":69,"href":"https:\/\/www.coachingindividuale.ch\/de\/wp-json\/wp\/v2\/pages\/29826\/revisions"}],"predecessor-version":[{"id":30098,"href":"https:\/\/www.coachingindividuale.ch\/de\/wp-json\/wp\/v2\/pages\/29826\/revisions\/30098"}],"wp:attachment":[{"href":"https:\/\/www.coachingindividuale.ch\/de\/wp-json\/wp\/v2\/media?parent=29826"}],"curies":[{"name":"wp","href":"https:\/\/api.w.org\/{rel}","templated":true}]}}